{"id":7,"date":"2018-12-20T13:22:40","date_gmt":"2018-12-20T12:22:40","guid":{"rendered":"http:\/\/wpx.moveprotec.com\/?page_id=7"},"modified":"2019-04-04T12:49:43","modified_gmt":"2019-04-04T10:49:43","slug":"wir-ueber-uns","status":"publish","type":"page","link":"https:\/\/www.moveprotec.com\/en\/wir-ueber-uns\/","title":{"rendered":"About us"},"content":{"rendered":"<p><span style=\"color: #029ad3;\">movepro<\/span><span style=\"color: #24a444;\">TEC<\/span> is an owner-led consultancy firm specialised in the evaluation of processes and quality systems for the life science industries. I will assess your company regarding performance, compliance, risk, or quality and identify appropriate proposals for improvement. I provide a reliable decision basis for investments and project controlling, in patent licensing and for process or quality due diligence within mergers &amp; aquisitions as well as for risk-oriented status report in annual financial statements.<\/p>\n<p>&nbsp;<\/p>\n<p>I apply tools that I have been reliably using for years and leave the rest to my partners or approved service providers. By using sound operating figures and key data, performance and quality levels become obvious, our customers say.<\/p>\n<p>&nbsp;<\/p>\n<p><span style=\"color: #24a444;\">My philosophy<\/span><br \/>\nCondensing data to knowledge \u2013 concentration on the essentials.<\/p>\n<p>&nbsp;<\/p>\n<p><span style=\"color: #24a444;\">The result<\/span><br \/>\nMaximum transparency based on valuable process and quality operational data.<\/p>\n<p>&nbsp;<\/p>\n<p>In this way, knowledge of your own strengths creates the basis for success tomorrow.<br \/>\nI provide active, experienced and enthusiastic support in helping you to achieve your goals!<\/p>","protected":false},"excerpt":{"rendered":"<p>moveproTEC is an owner-led consultancy firm specialised in the evaluation of processes and quality systems for the life science industries. I will assess your company regarding performance, compliance, risk, or quality and identify appropriate proposals for improvement. I provide a reliable decision basis for investments and project controlling, in patent licensing and for process or&#8230;  <a class=\"excerpt-read-more\" href=\"https:\/\/www.moveprotec.com\/en\/wir-ueber-uns\/\" title=\"ReadAbout us\">Read more &raquo;<\/a><\/p>\n","protected":false},"author":1,"featured_media":43,"parent":0,"menu_order":0,"comment_status":"closed","ping_status":"closed","template":"","meta":{"footnotes":""},"class_list":["post-7","page","type-page","status-publish","has-post-thumbnail","hentry"],"yoast_head":"<!-- This site is optimized with the Yoast SEO plugin v27.5 - https:\/\/yoast.com\/product\/yoast-seo-wordpress\/ -->\n<title>About us - moveproTEC compliance advisory<\/title>\n<meta name=\"description\" content=\"GxP Compliance endlich im Kontext - Entwicklung, Herstellung, Qualit\u00e4tskontrolle &amp; Qualit\u00e4tssicherung. Alles aus einer Hand - 25 Jahre GMP &amp; Co. f\u00fcr Sie!\" \/>\n<meta name=\"robots\" content=\"index, follow, max-snippet:-1, max-image-preview:large, max-video-preview:-1\" \/>\n<link rel=\"canonical\" href=\"https:\/\/www.moveprotec.com\/wir-ueber-uns\/\" \/>\n<meta property=\"og:locale\" content=\"en_US\" \/>\n<meta property=\"og:type\" content=\"article\" \/>\n<meta property=\"og:title\" content=\"About us - moveproTEC compliance advisory\" \/>\n<meta property=\"og:description\" content=\"GxP Compliance endlich im Kontext - Entwicklung, Herstellung, Qualit\u00e4tskontrolle &amp; Qualit\u00e4tssicherung. Alles aus einer Hand - 25 Jahre GMP &amp; Co. f\u00fcr Sie!\" \/>\n<meta property=\"og:url\" content=\"https:\/\/www.moveprotec.com\/wir-ueber-uns\/\" \/>\n<meta property=\"og:site_name\" content=\"moveproTEC compliance advisory\" \/>\n<meta property=\"article:modified_time\" content=\"2019-04-04T10:49:43+00:00\" \/>\n<meta property=\"og:image\" content=\"https:\/\/www.moveprotec.com\/wp-content\/uploads\/2018\/12\/MoveWir.jpg\" \/>\n\t<meta property=\"og:image:width\" content=\"1000\" \/>\n\t<meta property=\"og:image:height\" content=\"125\" \/>\n\t<meta property=\"og:image:type\" content=\"image\/jpeg\" \/>\n<meta name=\"twitter:card\" content=\"summary_large_image\" \/>\n<meta name=\"twitter:label1\" content=\"Est. reading time\" \/>\n\t<meta name=\"twitter:data1\" content=\"2 minutes\" \/>\n<script type=\"application\/ld+json\" class=\"yoast-schema-graph\">{\"@context\":\"https:\\\/\\\/schema.org\",\"@graph\":[{\"@type\":\"WebPage\",\"@id\":\"https:\\\/\\\/www.moveprotec.com\\\/wir-ueber-uns\\\/\",\"url\":\"https:\\\/\\\/www.moveprotec.com\\\/wir-ueber-uns\\\/\",\"name\":\"About us - moveproTEC compliance advisory\",\"isPartOf\":{\"@id\":\"https:\\\/\\\/www.moveprotec.com\\\/en\\\/#website\"},\"primaryImageOfPage\":{\"@id\":\"https:\\\/\\\/www.moveprotec.com\\\/wir-ueber-uns\\\/#primaryimage\"},\"image\":{\"@id\":\"https:\\\/\\\/www.moveprotec.com\\\/wir-ueber-uns\\\/#primaryimage\"},\"thumbnailUrl\":\"https:\\\/\\\/www.moveprotec.com\\\/wp-content\\\/uploads\\\/2018\\\/12\\\/MoveWir.jpg\",\"datePublished\":\"2018-12-20T12:22:40+00:00\",\"dateModified\":\"2019-04-04T10:49:43+00:00\",\"description\":\"GxP Compliance endlich im Kontext - Entwicklung, Herstellung, Qualit\u00e4tskontrolle & Qualit\u00e4tssicherung. Alles aus einer Hand - 25 Jahre GMP & Co. f\u00fcr Sie!\",\"breadcrumb\":{\"@id\":\"https:\\\/\\\/www.moveprotec.com\\\/wir-ueber-uns\\\/#breadcrumb\"},\"inLanguage\":\"en-US\",\"potentialAction\":[{\"@type\":\"ReadAction\",\"target\":[\"https:\\\/\\\/www.moveprotec.com\\\/wir-ueber-uns\\\/\"]}]},{\"@type\":\"ImageObject\",\"inLanguage\":\"en-US\",\"@id\":\"https:\\\/\\\/www.moveprotec.com\\\/wir-ueber-uns\\\/#primaryimage\",\"url\":\"https:\\\/\\\/www.moveprotec.com\\\/wp-content\\\/uploads\\\/2018\\\/12\\\/MoveWir.jpg\",\"contentUrl\":\"https:\\\/\\\/www.moveprotec.com\\\/wp-content\\\/uploads\\\/2018\\\/12\\\/MoveWir.jpg\",\"width\":1000,\"height\":125},{\"@type\":\"BreadcrumbList\",\"@id\":\"https:\\\/\\\/www.moveprotec.com\\\/wir-ueber-uns\\\/#breadcrumb\",\"itemListElement\":[{\"@type\":\"ListItem\",\"position\":1,\"name\":\"Startseite\",\"item\":\"https:\\\/\\\/www.moveprotec.com\\\/en\\\/\"},{\"@type\":\"ListItem\",\"position\":2,\"name\":\"Wir \u00fcber uns\"}]},{\"@type\":\"WebSite\",\"@id\":\"https:\\\/\\\/www.moveprotec.com\\\/en\\\/#website\",\"url\":\"https:\\\/\\\/www.moveprotec.com\\\/en\\\/\",\"name\":\"moveproTEC compliance advisory\",\"description\":\"\",\"potentialAction\":[{\"@type\":\"SearchAction\",\"target\":{\"@type\":\"EntryPoint\",\"urlTemplate\":\"https:\\\/\\\/www.moveprotec.com\\\/en\\\/?s={search_term_string}\"},\"query-input\":{\"@type\":\"PropertyValueSpecification\",\"valueRequired\":true,\"valueName\":\"search_term_string\"}}],\"inLanguage\":\"en-US\"}]}<\/script>\n<!-- \/ Yoast SEO plugin. -->","yoast_head_json":{"title":"About us - moveproTEC compliance advisory","description":"GxP Compliance endlich im Kontext - Entwicklung, Herstellung, Qualit\u00e4tskontrolle & Qualit\u00e4tssicherung. Alles aus einer Hand - 25 Jahre GMP & Co. f\u00fcr Sie!","robots":{"index":"index","follow":"follow","max-snippet":"max-snippet:-1","max-image-preview":"max-image-preview:large","max-video-preview":"max-video-preview:-1"},"canonical":"https:\/\/www.moveprotec.com\/wir-ueber-uns\/","og_locale":"en_US","og_type":"article","og_title":"About us - moveproTEC compliance advisory","og_description":"GxP Compliance endlich im Kontext - Entwicklung, Herstellung, Qualit\u00e4tskontrolle & Qualit\u00e4tssicherung. Alles aus einer Hand - 25 Jahre GMP & Co. f\u00fcr Sie!","og_url":"https:\/\/www.moveprotec.com\/wir-ueber-uns\/","og_site_name":"moveproTEC compliance advisory","article_modified_time":"2019-04-04T10:49:43+00:00","og_image":[{"width":1000,"height":125,"url":"https:\/\/www.moveprotec.com\/wp-content\/uploads\/2018\/12\/MoveWir.jpg","type":"image\/jpeg"}],"twitter_card":"summary_large_image","twitter_misc":{"Est. reading time":"2 minutes"},"schema":{"@context":"https:\/\/schema.org","@graph":[{"@type":"WebPage","@id":"https:\/\/www.moveprotec.com\/wir-ueber-uns\/","url":"https:\/\/www.moveprotec.com\/wir-ueber-uns\/","name":"About us - moveproTEC compliance advisory","isPartOf":{"@id":"https:\/\/www.moveprotec.com\/en\/#website"},"primaryImageOfPage":{"@id":"https:\/\/www.moveprotec.com\/wir-ueber-uns\/#primaryimage"},"image":{"@id":"https:\/\/www.moveprotec.com\/wir-ueber-uns\/#primaryimage"},"thumbnailUrl":"https:\/\/www.moveprotec.com\/wp-content\/uploads\/2018\/12\/MoveWir.jpg","datePublished":"2018-12-20T12:22:40+00:00","dateModified":"2019-04-04T10:49:43+00:00","description":"GxP Compliance endlich im Kontext - Entwicklung, Herstellung, Qualit\u00e4tskontrolle & Qualit\u00e4tssicherung. Alles aus einer Hand - 25 Jahre GMP & Co. f\u00fcr Sie!","breadcrumb":{"@id":"https:\/\/www.moveprotec.com\/wir-ueber-uns\/#breadcrumb"},"inLanguage":"en-US","potentialAction":[{"@type":"ReadAction","target":["https:\/\/www.moveprotec.com\/wir-ueber-uns\/"]}]},{"@type":"ImageObject","inLanguage":"en-US","@id":"https:\/\/www.moveprotec.com\/wir-ueber-uns\/#primaryimage","url":"https:\/\/www.moveprotec.com\/wp-content\/uploads\/2018\/12\/MoveWir.jpg","contentUrl":"https:\/\/www.moveprotec.com\/wp-content\/uploads\/2018\/12\/MoveWir.jpg","width":1000,"height":125},{"@type":"BreadcrumbList","@id":"https:\/\/www.moveprotec.com\/wir-ueber-uns\/#breadcrumb","itemListElement":[{"@type":"ListItem","position":1,"name":"Startseite","item":"https:\/\/www.moveprotec.com\/en\/"},{"@type":"ListItem","position":2,"name":"Wir \u00fcber uns"}]},{"@type":"WebSite","@id":"https:\/\/www.moveprotec.com\/en\/#website","url":"https:\/\/www.moveprotec.com\/en\/","name":"moveproTEC compliance advisory","description":"","potentialAction":[{"@type":"SearchAction","target":{"@type":"EntryPoint","urlTemplate":"https:\/\/www.moveprotec.com\/en\/?s={search_term_string}"},"query-input":{"@type":"PropertyValueSpecification","valueRequired":true,"valueName":"search_term_string"}}],"inLanguage":"en-US"}]}},"_links":{"self":[{"href":"https:\/\/www.moveprotec.com\/en\/wp-json\/wp\/v2\/pages\/7","targetHints":{"allow":["GET"]}}],"collection":[{"href":"https:\/\/www.moveprotec.com\/en\/wp-json\/wp\/v2\/pages"}],"about":[{"href":"https:\/\/www.moveprotec.com\/en\/wp-json\/wp\/v2\/types\/page"}],"author":[{"embeddable":true,"href":"https:\/\/www.moveprotec.com\/en\/wp-json\/wp\/v2\/users\/1"}],"replies":[{"embeddable":true,"href":"https:\/\/www.moveprotec.com\/en\/wp-json\/wp\/v2\/comments?post=7"}],"version-history":[{"count":7,"href":"https:\/\/www.moveprotec.com\/en\/wp-json\/wp\/v2\/pages\/7\/revisions"}],"predecessor-version":[{"id":135,"href":"https:\/\/www.moveprotec.com\/en\/wp-json\/wp\/v2\/pages\/7\/revisions\/135"}],"wp:featuredmedia":[{"embeddable":true,"href":"https:\/\/www.moveprotec.com\/en\/wp-json\/wp\/v2\/media\/43"}],"wp:attachment":[{"href":"https:\/\/www.moveprotec.com\/en\/wp-json\/wp\/v2\/media?parent=7"}],"curies":[{"name":"wp","href":"https:\/\/api.w.org\/{rel}","templated":true}]}}