{"id":30,"date":"2018-12-20T14:55:48","date_gmt":"2018-12-20T13:55:48","guid":{"rendered":"http:\/\/wpx.moveprotec.com\/?page_id=30"},"modified":"2019-02-06T19:09:14","modified_gmt":"2019-02-06T18:09:14","slug":"english-impressum","status":"publish","type":"page","link":"https:\/\/www.moveprotec.com\/en\/english-impressum\/","title":{"rendered":"Imprint"},"content":{"rendered":"<p><span style=\"color: #029ad3;\">movepro<\/span><span style=\"color: #24a444;\">TEC <\/span><\/p>\n<p>&nbsp;<\/p>\n<p>Managing Director:<br \/>\nTorsten Schmidt-Bader Ph.D.<\/p>\n<p>&nbsp;<\/p>\n<p>Frankenstrasse 5<br \/>\nD-61352 Bad Homburg v.d.H.<br \/>\nUSt.ID: DE217982322<\/p>\n<p>&nbsp;<\/p>\n<p>phone+49 6172-687401<br \/>\nfax +49 6172-687402<\/p>\n<p>&nbsp;<\/p>\n<p>mail join@moveprotec.com<br \/>\nweb www.moveprotec.com<\/p>\n<p>&nbsp;<\/p>\n<p>Design and realisation:<\/p>\n<p>Webdesign: <a href=\"http:\/\/www.ankewenderoth.de\" target=\"_blank\" rel=\"noopener\">Anke Wenderoth<\/a> Grafik Design, Kronberg<br \/>\nProgrammierung: <a href=\"http:\/\/www.itwerk.com\" target=\"_blank\" rel=\"noopener\">IT-Werk<\/a>, Eschborn<br \/>\nBildrechte: Dr. Torsten Schmidt-Bader &amp; gettyimages.com<\/p>\n<p>&nbsp;<\/p>\n<p>Legal information:<\/p>\n<p>&nbsp;<\/p>\n<p><u><b>Verweise und Links<\/b><\/u><\/p>\n<p>&nbsp;<\/p>\n<p>Bei direkten oder indirekten Verweisen auf fremde Internetseiten (&#8220;Links&#8221;) hat moveproTEC keinen Einfluss auf die aktuelle und zuk\u00fcnftige Gestaltung und auf die Inhalte der gelinkten bzw. verkn\u00fcpften Seiten. Aufgrund des Urteils vom 12.10.1998 des Landgerichts Hamburg distanziert sich moveproTEC hiermit ausdr\u00fccklich von allen Inhalten aller gelinkten bzw. verkn\u00fcpften Seiten und macht sich die Inhalte nicht zu eigen. Diese Feststellung gilt f\u00fcr alle innerhalb des eigenen Internetangebots gesetzten Links und Verweise sowie f\u00fcr Fremdeintr\u00e4ge in von moveproTEC eingerichteten Diskussionsforen und Mailinglisten. F\u00fcr illegale, fehlerhafte oder unvollst\u00e4ndige Inhalte und insbesondere f\u00fcr Sch\u00e4den, die aus der Nutzung oder Nichtnutzung solcherart dargebotener Informationen entstehen, haftet allein der Anbieter der Seite, auf welche verwiesen wurde, nicht derjenige, der \u00fcber Links auf die jeweilige Ver\u00f6ffentlichung verweist.<\/p>\n<p>&nbsp;<\/p>\n<p><u><b>Urheber- und Kennzeichnungsrecht<\/b><\/u><\/p>\n<p>&nbsp;<\/p>\n<p>moveproTEC ist bestrebt, in allen Publikationen die Urheberrechte der verwendeten Grafiken und Texte zu beachten, von ihr selbst erstellt Grafiken und Texte zu nutzen oder auf lizenzfreie Grafiken und Texte zur\u00fcckzugreifen. Alle innerhalb des Internetangebotes genannten und ggf. durch Dritte gesch\u00fctzten Marken- und Warenzeichen unterliegen uneingeschr\u00e4nkt den Bestimmungen des jeweils g\u00fcltigen Kennzeichenrechts und den Besitzrechten der jeweiligen eingetragenen Eigent\u00fcmer. Allein aufgrund der blo\u00dfen Nennung ist nicht der Schluss zu ziehen, dass Markenzeichen nicht durch Rechte Dritter gech\u00fctzt sind. Das Copyright f\u00fcr ver\u00f6ffentlichte, von moveproTEC selbst erstellte Objekte bleibt allein bei moveproTEC. Der Name und das Logo von moveproTEC sind eingetragene und patentrechtlich gesch\u00fctzte Warenzeichen. Eine Vervielf\u00e4ltigung oder Verwendung der Markenzeichen, Grafiken, Tondokumente, Videosequenzen und Texte in anderen elektronischen oder gedruckten Publikationen ist ohne ausdr\u00fcckliche Zustimmung von moveproTEC nicht gestattet.<\/p>\n<p>&nbsp;<\/p>\n<p><u><b>Wirksamkeit des Haftungsausschlusses<\/b><\/u><\/p>\n<p>&nbsp;<\/p>\n<p>Dieser Haftungsausschluss ist als Teil des Internetangebotes zu betrachten, von dem aus auf diese Seite verwiesen wurde. Sofern Teile oder einzelne Formulierungen dieses Textes der geltenden Rechtslage nicht, nicht mehr oder nicht vollst\u00e4ndig entsprechen sollten, bleiben die \u00fcbrigen Teile des Dokuments in ihrem Inhalt und ihrer G\u00fcltigkeit davon unber\u00fchrt.<\/p>\n<p>&nbsp;<\/p>","protected":false},"excerpt":{"rendered":"<p>moveproTEC &nbsp; Managing Director: Torsten Schmidt-Bader Ph.D. &nbsp; Frankenstrasse 5 D-61352 Bad Homburg v.d.H. USt.ID: DE217982322 &nbsp; phone+49 6172-687401 fax +49 6172-687402 &nbsp; mail join@moveprotec.com web www.moveprotec.com &nbsp; Design and realisation: Webdesign: Anke Wenderoth Grafik Design, Kronberg Programmierung: IT-Werk, Eschborn Bildrechte: Dr. Torsten Schmidt-Bader &amp; gettyimages.com &nbsp; Legal information: &nbsp; Verweise und Links &nbsp; Bei&#8230;  <a class=\"excerpt-read-more\" href=\"https:\/\/www.moveprotec.com\/en\/english-impressum\/\" title=\"ReadImprint\">Read more &raquo;<\/a><\/p>\n","protected":false},"author":1,"featured_media":31,"parent":0,"menu_order":0,"comment_status":"closed","ping_status":"closed","template":"","meta":{"footnotes":""},"class_list":["post-30","page","type-page","status-publish","has-post-thumbnail","hentry"],"yoast_head":"<!-- This site is optimized with the Yoast SEO plugin v27.3 - https:\/\/yoast.com\/product\/yoast-seo-wordpress\/ -->\n<title>Imprint - moveproTEC compliance advisory<\/title>\n<meta name=\"robots\" content=\"index, follow, max-snippet:-1, max-image-preview:large, max-video-preview:-1\" \/>\n<link rel=\"canonical\" href=\"https:\/\/www.moveprotec.com\/english-impressum\/\" \/>\n<meta property=\"og:locale\" content=\"en_US\" \/>\n<meta property=\"og:type\" content=\"article\" \/>\n<meta property=\"og:title\" content=\"Imprint - moveproTEC compliance advisory\" \/>\n<meta property=\"og:description\" content=\"moveproTEC &nbsp; Managing Director: Torsten Schmidt-Bader Ph.D. &nbsp; Frankenstrasse 5 D-61352 Bad Homburg v.d.H. USt.ID: DE217982322 &nbsp; phone+49 6172-687401 fax +49 6172-687402 &nbsp; mail join@moveprotec.com web www.moveprotec.com &nbsp; Design and realisation: Webdesign: Anke Wenderoth Grafik Design, Kronberg Programmierung: IT-Werk, Eschborn Bildrechte: Dr. Torsten Schmidt-Bader &amp; gettyimages.com &nbsp; Legal information: &nbsp; Verweise und Links &nbsp; Bei... Read more &raquo;\" \/>\n<meta property=\"og:url\" content=\"https:\/\/www.moveprotec.com\/english-impressum\/\" \/>\n<meta property=\"og:site_name\" content=\"moveproTEC compliance advisory\" \/>\n<meta property=\"article:modified_time\" content=\"2019-02-06T18:09:14+00:00\" \/>\n<meta property=\"og:image\" content=\"https:\/\/www.moveprotec.com\/wp-content\/uploads\/2018\/12\/MoveImpressum.jpg\" \/>\n\t<meta property=\"og:image:width\" content=\"1000\" \/>\n\t<meta property=\"og:image:height\" content=\"125\" \/>\n\t<meta property=\"og:image:type\" content=\"image\/jpeg\" \/>\n<meta name=\"twitter:card\" content=\"summary_large_image\" \/>\n<meta name=\"twitter:label1\" content=\"Est. reading time\" \/>\n\t<meta name=\"twitter:data1\" content=\"4 minutes\" \/>\n<script type=\"application\/ld+json\" class=\"yoast-schema-graph\">{\"@context\":\"https:\\\/\\\/schema.org\",\"@graph\":[{\"@type\":\"WebPage\",\"@id\":\"https:\\\/\\\/www.moveprotec.com\\\/english-impressum\\\/\",\"url\":\"https:\\\/\\\/www.moveprotec.com\\\/english-impressum\\\/\",\"name\":\"Imprint - moveproTEC compliance advisory\",\"isPartOf\":{\"@id\":\"https:\\\/\\\/www.moveprotec.com\\\/en\\\/#website\"},\"primaryImageOfPage\":{\"@id\":\"https:\\\/\\\/www.moveprotec.com\\\/english-impressum\\\/#primaryimage\"},\"image\":{\"@id\":\"https:\\\/\\\/www.moveprotec.com\\\/english-impressum\\\/#primaryimage\"},\"thumbnailUrl\":\"https:\\\/\\\/www.moveprotec.com\\\/wp-content\\\/uploads\\\/2018\\\/12\\\/MoveImpressum.jpg\",\"datePublished\":\"2018-12-20T13:55:48+00:00\",\"dateModified\":\"2019-02-06T18:09:14+00:00\",\"breadcrumb\":{\"@id\":\"https:\\\/\\\/www.moveprotec.com\\\/english-impressum\\\/#breadcrumb\"},\"inLanguage\":\"en-US\",\"potentialAction\":[{\"@type\":\"ReadAction\",\"target\":[\"https:\\\/\\\/www.moveprotec.com\\\/english-impressum\\\/\"]}]},{\"@type\":\"ImageObject\",\"inLanguage\":\"en-US\",\"@id\":\"https:\\\/\\\/www.moveprotec.com\\\/english-impressum\\\/#primaryimage\",\"url\":\"https:\\\/\\\/www.moveprotec.com\\\/wp-content\\\/uploads\\\/2018\\\/12\\\/MoveImpressum.jpg\",\"contentUrl\":\"https:\\\/\\\/www.moveprotec.com\\\/wp-content\\\/uploads\\\/2018\\\/12\\\/MoveImpressum.jpg\",\"width\":1000,\"height\":125},{\"@type\":\"BreadcrumbList\",\"@id\":\"https:\\\/\\\/www.moveprotec.com\\\/english-impressum\\\/#breadcrumb\",\"itemListElement\":[{\"@type\":\"ListItem\",\"position\":1,\"name\":\"Startseite\",\"item\":\"https:\\\/\\\/www.moveprotec.com\\\/en\\\/\"},{\"@type\":\"ListItem\",\"position\":2,\"name\":\"Impressum\"}]},{\"@type\":\"WebSite\",\"@id\":\"https:\\\/\\\/www.moveprotec.com\\\/en\\\/#website\",\"url\":\"https:\\\/\\\/www.moveprotec.com\\\/en\\\/\",\"name\":\"moveproTEC compliance advisory\",\"description\":\"\",\"potentialAction\":[{\"@type\":\"SearchAction\",\"target\":{\"@type\":\"EntryPoint\",\"urlTemplate\":\"https:\\\/\\\/www.moveprotec.com\\\/en\\\/?s={search_term_string}\"},\"query-input\":{\"@type\":\"PropertyValueSpecification\",\"valueRequired\":true,\"valueName\":\"search_term_string\"}}],\"inLanguage\":\"en-US\"}]}<\/script>\n<!-- \/ Yoast SEO plugin. -->","yoast_head_json":{"title":"Imprint - moveproTEC compliance advisory","robots":{"index":"index","follow":"follow","max-snippet":"max-snippet:-1","max-image-preview":"max-image-preview:large","max-video-preview":"max-video-preview:-1"},"canonical":"https:\/\/www.moveprotec.com\/english-impressum\/","og_locale":"en_US","og_type":"article","og_title":"Imprint - moveproTEC compliance advisory","og_description":"moveproTEC &nbsp; Managing Director: Torsten Schmidt-Bader Ph.D. &nbsp; Frankenstrasse 5 D-61352 Bad Homburg v.d.H. USt.ID: DE217982322 &nbsp; phone+49 6172-687401 fax +49 6172-687402 &nbsp; mail join@moveprotec.com web www.moveprotec.com &nbsp; Design and realisation: Webdesign: Anke Wenderoth Grafik Design, Kronberg Programmierung: IT-Werk, Eschborn Bildrechte: Dr. Torsten Schmidt-Bader &amp; gettyimages.com &nbsp; Legal information: &nbsp; Verweise und Links &nbsp; Bei... Read more &raquo;","og_url":"https:\/\/www.moveprotec.com\/english-impressum\/","og_site_name":"moveproTEC compliance advisory","article_modified_time":"2019-02-06T18:09:14+00:00","og_image":[{"width":1000,"height":125,"url":"https:\/\/www.moveprotec.com\/wp-content\/uploads\/2018\/12\/MoveImpressum.jpg","type":"image\/jpeg"}],"twitter_card":"summary_large_image","twitter_misc":{"Est. reading time":"4 minutes"},"schema":{"@context":"https:\/\/schema.org","@graph":[{"@type":"WebPage","@id":"https:\/\/www.moveprotec.com\/english-impressum\/","url":"https:\/\/www.moveprotec.com\/english-impressum\/","name":"Imprint - moveproTEC compliance advisory","isPartOf":{"@id":"https:\/\/www.moveprotec.com\/en\/#website"},"primaryImageOfPage":{"@id":"https:\/\/www.moveprotec.com\/english-impressum\/#primaryimage"},"image":{"@id":"https:\/\/www.moveprotec.com\/english-impressum\/#primaryimage"},"thumbnailUrl":"https:\/\/www.moveprotec.com\/wp-content\/uploads\/2018\/12\/MoveImpressum.jpg","datePublished":"2018-12-20T13:55:48+00:00","dateModified":"2019-02-06T18:09:14+00:00","breadcrumb":{"@id":"https:\/\/www.moveprotec.com\/english-impressum\/#breadcrumb"},"inLanguage":"en-US","potentialAction":[{"@type":"ReadAction","target":["https:\/\/www.moveprotec.com\/english-impressum\/"]}]},{"@type":"ImageObject","inLanguage":"en-US","@id":"https:\/\/www.moveprotec.com\/english-impressum\/#primaryimage","url":"https:\/\/www.moveprotec.com\/wp-content\/uploads\/2018\/12\/MoveImpressum.jpg","contentUrl":"https:\/\/www.moveprotec.com\/wp-content\/uploads\/2018\/12\/MoveImpressum.jpg","width":1000,"height":125},{"@type":"BreadcrumbList","@id":"https:\/\/www.moveprotec.com\/english-impressum\/#breadcrumb","itemListElement":[{"@type":"ListItem","position":1,"name":"Startseite","item":"https:\/\/www.moveprotec.com\/en\/"},{"@type":"ListItem","position":2,"name":"Impressum"}]},{"@type":"WebSite","@id":"https:\/\/www.moveprotec.com\/en\/#website","url":"https:\/\/www.moveprotec.com\/en\/","name":"moveproTEC compliance advisory","description":"","potentialAction":[{"@type":"SearchAction","target":{"@type":"EntryPoint","urlTemplate":"https:\/\/www.moveprotec.com\/en\/?s={search_term_string}"},"query-input":{"@type":"PropertyValueSpecification","valueRequired":true,"valueName":"search_term_string"}}],"inLanguage":"en-US"}]}},"_links":{"self":[{"href":"https:\/\/www.moveprotec.com\/en\/wp-json\/wp\/v2\/pages\/30","targetHints":{"allow":["GET"]}}],"collection":[{"href":"https:\/\/www.moveprotec.com\/en\/wp-json\/wp\/v2\/pages"}],"about":[{"href":"https:\/\/www.moveprotec.com\/en\/wp-json\/wp\/v2\/types\/page"}],"author":[{"embeddable":true,"href":"https:\/\/www.moveprotec.com\/en\/wp-json\/wp\/v2\/users\/1"}],"replies":[{"embeddable":true,"href":"https:\/\/www.moveprotec.com\/en\/wp-json\/wp\/v2\/comments?post=30"}],"version-history":[{"count":6,"href":"https:\/\/www.moveprotec.com\/en\/wp-json\/wp\/v2\/pages\/30\/revisions"}],"predecessor-version":[{"id":140,"href":"https:\/\/www.moveprotec.com\/en\/wp-json\/wp\/v2\/pages\/30\/revisions\/140"}],"wp:featuredmedia":[{"embeddable":true,"href":"https:\/\/www.moveprotec.com\/en\/wp-json\/wp\/v2\/media\/31"}],"wp:attachment":[{"href":"https:\/\/www.moveprotec.com\/en\/wp-json\/wp\/v2\/media?parent=30"}],"curies":[{"name":"wp","href":"https:\/\/api.w.org\/{rel}","templated":true}]}}